{"id":2,"date":"2015-10-01T18:59:24","date_gmt":"2015-10-01T18:59:24","guid":{"rendered":"http:\/\/nctravel.es\/?page_id=2"},"modified":"2020-12-10T15:17:33","modified_gmt":"2020-12-10T15:17:33","slug":"inicio","status":"publish","type":"page","link":"https:\/\/nctravel.es\/es\/","title":{"rendered":"Inicio"},"content":{"rendered":"<section class=\"wpb-content-wrapper\"><p>[vc_row][vc_column][rev_slider_vc alias=\u00bbslide-home-3&#8243;][\/vc_column][\/vc_row][vc_row type=\u00bb1&#8243; anchor=\u00bb#quienes-somos\u00bb][vc_column][vc_empty_space height=\u00bb50px\u00bb][vc_column_text]<\/p>\n<h2 style=\"text-align: center;\">QUIENES SOMOS<\/h2>\n<h3 style=\"text-align: center;\"><span class=\"color-base-transparent\">SOMOS UNA AGENCIA DE VIAJES<\/span><\/h3>\n<p>[\/vc_column_text][vc_empty_space height=\u00bb50px\u00bb][\/vc_column][\/vc_row][vc_row][vc_column][vc_empty_space height=\u00bb50px\u00bb][vc_column_text]<\/p>\n<h3>NC Travel<\/h3>\n<p>[\/vc_column_text][vc_empty_space height=\u00bb18px\u00bb][vc_column_text]NC Travel es una agencia de viajes que promociona destinos tur\u00edsticos.<\/p>\n<p>Somos expertos en organizar todo tipo de eventos en el destino. Una empresa de gesti\u00f3n de servicios integrales, \u00e1gil e independiente.<\/p>\n<p>Nos encargamos de realizar, de forma r\u00e1pida y eficiente, diferentes funciones destinadas a cumplir con los servicios de tierra que abarcan desde el alojamiento y los traslados, pasando por un amplio abanico de lugares de inter\u00e9s tur\u00edstico y hasta cualquier otro servicio o petici\u00f3n que sea solicitada por nuestros clientes. Ponemos a su disposici\u00f3n nuestra profesionalidad para estar a la altura de sus expectativas y cuidar cada detalle en los productos que ofrecemos.[\/vc_column_text][vc_empty_space height=\u00bb50px\u00bb][vc_column_text]<\/p>\n<h3>Nuestros Servicios<\/h3>\n<p>[\/vc_column_text][vc_empty_space height=\u00bb24px\u00bb]<section id=\"benefits-grid-1\" class=\"benefits-grid wf-container benefits-style-one icons-bg light-bg accent-hover-bg light-icon-color custom-icon-hover-color static-line\" data-width=\"240px\" data-columns=\"3\"><style type=\"text\/css\">#benefits-grid-1.icons-bg .benefits-grid-ico { height: 36px; line-height: 36px; width: 36px;-webkit-border-radius: 100px;-moz-border-radius: 100px;-ms-border-radius: 100px;-o-border-radius: 100px;border-radius: 100px; }#benefits-grid-1.icons-bg .benefits-grid-ico > i { font-size: 20px; line-height: 36px; }#benefits-grid-1.custom-icon-hover-color a.benefits-grid-ico:hover > i,\n\t\t\t\t\t#benefits-grid-1.custom-icon-hover-color a.benefits-grid-ico:hover > i:before { color: #ffffff; -webkit-text-fill-color: #ffffff; }<\/style><div class=\"wf-cell\"><div><div class=\"text-small\"><div class=\"wf-table\"><div class=\"wf-td\"><span class=\"benefits-grid-ico\"><i class=\"fa fa-thumbs-o-up\"><\/i><\/span><\/div><div class=\"wf-td\"><h6>Atenci\u00f3n personalizada<\/h6><\/div><\/div><p>Gestionamos sus servicios de una manera personalizada, teniendo en cuenta todas sus preferencias e inquietudes a la hora de realizar sus viajes.<\/p>\n<\/div><\/div><\/div><div class=\"wf-cell\"><div><div class=\"text-small\"><div class=\"wf-table\"><div class=\"wf-td\"><span class=\"benefits-grid-ico\"><i class=\"fa icon-money\"><\/i><\/span><\/div><div class=\"wf-td\"><h6>Control del Presupuesto<\/h6><\/div><\/div><p>Negociamos las mejores condiciones y ofrecemos soluciones rentables, servicio directo, creativo y experto.<\/p>\n<\/div><\/div><\/div><div class=\"wf-cell\"><div><div class=\"text-small\"><div class=\"wf-table\"><div class=\"wf-td\"><span class=\"benefits-grid-ico\"><i class=\"fa icon-phone\"><\/i><\/span><\/div><div class=\"wf-td\"><h6>Flexibilidad<\/h6><\/div><\/div><p>Estamos disponibles las 24h del d\u00eda.<\/p>\n<\/div><\/div><\/div><div class=\"wf-cell\"><div><div class=\"text-small\"><div class=\"wf-table\"><div class=\"wf-td\"><span class=\"benefits-grid-ico\"><i class=\"fa icon-book-open\"><\/i><\/span><\/div><div class=\"wf-td\"><h6>Honestidad y Transparencia<\/h6><\/div><\/div><p>Con nuestros clientes y proveedores,cuidando y supervisando cada detalle personalmente.<\/p>\n<\/div><\/div><\/div><div class=\"wf-cell\"><div><div class=\"text-small\"><div class=\"wf-table\"><div class=\"wf-td\"><span class=\"benefits-grid-ico\"><i class=\"fa icon-pencil\"><\/i><\/span><\/div><div class=\"wf-td\"><h6>Pasi\u00f3n<\/h6><\/div><\/div><p>Nos apasiona crear proyectos din\u00e1micos e innovadores.<\/p>\n<\/div><\/div><\/div><div class=\"wf-cell\"><div><div class=\"text-small\"><div class=\"wf-table\"><div class=\"wf-td\"><span class=\"benefits-grid-ico\"><i class=\"fa icon-posterous\"><\/i><\/span><\/div><div class=\"wf-td\"><h6>Profesionalidad<\/h6><\/div><\/div><p>Nos anticipamos a cualquier imprevisto y ejecutamos viajes y eventos impecables.<\/p>\n<\/div><\/div><\/div><\/section>[vc_empty_space height=\u00bb50px\u00bb][\/vc_column][\/vc_row][vc_row type=\u00bb1&#8243; anchor=\u00bb#dmc-incentivos\u00bb][vc_column][vc_empty_space height=\u00bb50px\u00bb][vc_column_text]<\/p>\n<h2 style=\"text-align: center;\">DMC \u00b7 INCENTIVOS<\/h2>\n<h3 style=\"text-align: center;\"><span class=\"color-base-transparent\">SERVICIO DE TURISMO RECEPTIVO EN CANARIAS<\/span><\/h3>\n<p>[\/vc_column_text][vc_empty_space height=\u00bb50px\u00bb][\/vc_column][\/vc_row][vc_row][vc_column width=\u00bb1\/2&#8243;][vc_empty_space height=\u00bb50px\u00bb][vc_column_text]<img decoding=\"async\" class=\"aligncenter\" style=\"padding: 3px; border: 1px solid #CCC; width: 80%;\" src=\"http:\/\/nctravel.es\/wp-content\/uploads\/2016\/03\/DMC-2.jpg\" alt=\"receptivo\" \/>[\/vc_column_text][\/vc_column][vc_column width=\u00bb1\/2&#8243;][vc_empty_space height=\u00bb50px\u00bb][vc_column_text]NC Travel es una agencia de Viajes DMC que representa a diferentes tour operadores, fusionando trabajo y servicios relacionados con el turismo receptivo en las Islas Canarias.<\/p>\n<p>Dentro del sector tur\u00edstico destacamos tanto en la tour operaci\u00f3n como en la organizaci\u00f3n de viajes de negocios e incentivos. Tambi\u00e9n llevamos a cabo la planificaci\u00f3n de conferencias o reuniones y especialmente, todos aquellos eventos deportivos que tengan lugar en el archipi\u00e9lago canario y para los que se precisen nuestros alojamientos y traslados, entre otras prestaciones.<\/p>\n<p><a href=\"http:\/\/nctravel.es\/dmc-incentivos-2\">&gt;&gt; M\u00e1s informaci\u00f3n<\/a>[\/vc_column_text][vc_empty_space height=\u00bb50px\u00bb][\/vc_column][\/vc_row][vc_row type=\u00bb1&#8243; anchor=\u00bb#destinos\u00bb][vc_column][vc_empty_space height=\u00bb50px\u00bb][vc_column_text]<\/p>\n<h2 style=\"text-align: center;\">DESTINOS<\/h2>\n<h3 style=\"text-align: center;\"><span class=\"color-base-transparent\">PROMOCIONAMOS DESTINOS TUR\u00cdSTICOS<\/span><\/h3>\n<p>[\/vc_column_text][vc_empty_space height=\u00bb50px\u00bb][\/vc_column][\/vc_row][vc_row][vc_column][vc_empty_space height=\u00bb30px\u00bb][\/vc_column][\/vc_row][vc_row][vc_column width=\u00bb1\/2&#8243;][vc_column_text css=\u00bb.vc_custom_1457021782905{padding-top: 40px !important;padding-right: 35px !important;padding-bottom: 40px !important;padding-left: 35px !important;}\u00bb]<img decoding=\"async\" class=\"aligncenter\" style=\"margin-bottom: 20px;\" src=\"http:\/\/nctravel.es\/wp-content\/uploads\/2015\/10\/canarias.png\" alt=\"canarias\" \/><\/p>\n<h3 style=\"text-align: center;\">CANARIAS<\/h3>\n<p>Caminar a los pies del Teide, el volc\u00e1n que custodia las islas, mirar la puesta de Sol desde un balc\u00f3n t\u00edpico canario o simplemente dejarse tentar por el agua de las piscinas naturales, de formas caprichosas, es algo que no puede dejar de disfrutar si se encuentra en las Islas Afortunadas, en Canarias, donde la arena negra abraza cada paso, sintiendo el agua fresca que llega para ba\u00f1ar la piel, mientras la brisa de los alisios acaricia nuestro ser.[\/vc_column_text][\/vc_column][vc_column width=\u00bb1\/2&#8243;][vc_column_text css=\u00bb.vc_custom_1457021799548{padding-top: 40px !important;padding-right: 35px !important;padding-bottom: 40px !important;padding-left: 35px !important;}\u00bb]<img decoding=\"async\" class=\"aligncenter\" style=\"margin-bottom: 20px;\" src=\"http:\/\/nctravel.es\/wp-content\/uploads\/2015\/10\/turquia.png\" alt=\"Turqu\u00eda\" \/><\/p>\n<h3 style=\"text-align: center;\">TURQU\u00cdA<\/h3>\n<p>El esp\u00edritu de Turqu\u00eda ha cautivado el pasado, presente y futuro de las civilizaciones, es un tesoro entre mares que posee un paisaje que cuenta leyendas e historias de romanos, bizantinos u otomanos y se funde con la naturaleza de cada lugar. Es la joya que une Oriente y Occidente mediante un conjunto de sensaciones que nos har\u00e1n vivir momentos que recordaremos para siempre.[\/vc_column_text][\/vc_column][\/vc_row][vc_row][vc_column][vc_empty_space height=\u00bb30px\u00bb][\/vc_column][\/vc_row][vc_row][vc_column width=\u00bb1\/2&#8243;][vc_column_text css=\u00bb.vc_custom_1457021813452{padding-top: 40px !important;padding-right: 35px !important;padding-bottom: 40px !important;padding-left: 35px !important;}\u00bb]<img decoding=\"async\" class=\"aligncenter\" style=\"margin-bottom: 20px;\" src=\"http:\/\/nctravel.es\/wp-content\/uploads\/2015\/10\/marruecos.png\" alt=\"Marruecos\" \/><\/p>\n<h3 style=\"text-align: center;\">MARRUECOS<\/h3>\n<p>Marruecos es sentir como te embriaga su cultura al recorrer sus calles y tiendas, sentir c\u00f3mo se escapa la arena entre nuestros dedos al caminar por sus playas v\u00edrgenes o dejarse cautivar por la esencia del S\u00e1hara y la grandeza del cielo que nos mira. Cada rinc\u00f3n de la medina al atardecer nos develar\u00e1 un secreto, nos har\u00e1 perdernos entre los encantos de sus tradiciones y apreciar los grandes paisajes que esconde Marruecos.[\/vc_column_text][\/vc_column][vc_column width=\u00bb1\/2&#8243;][vc_column_text css=\u00bb.vc_custom_1457021826274{padding-top: 40px !important;padding-right: 35px !important;padding-bottom: 40px !important;padding-left: 35px !important;}\u00bb]<img decoding=\"async\" class=\"aligncenter\" style=\"margin-bottom: 20px;\" src=\"http:\/\/nctravel.es\/wp-content\/uploads\/2015\/10\/grecia.png\" alt=\"Grecia\" \/><\/p>\n<h3 style=\"text-align: center;\">GRECIA<\/h3>\n<p>Cuando el Sol nace sobre la Acr\u00f3polis de Atenas podemos empezar a vivir una nueva experiencia en donde la brisa del mar nos acompa\u00f1ar\u00e1 a lo largo del camino y nos har\u00e1 descubrir de una forma especial cada uno de los mitos y leyendas que caracterizan la cultura griega. Tan s\u00f3lo bastar\u00e1 apreciar los peque\u00f1os detalles de la costa de Nea Kios, el brillo del mar o la magia del tradicional pueblo de Lindos, en la isla de Rodas, para convertirnos en amantes de este pa\u00eds.[\/vc_column_text][\/vc_column][\/vc_row][vc_row type=\u00bb1&#8243; anchor=\u00bb#contacto\u00bb][vc_column][vc_empty_space height=\u00bb50px\u00bb][vc_column_text]<\/p>\n<h2 style=\"text-align: center;\">CONTACTO<\/h2>\n<h3 style=\"text-align: center;\"><span class=\"color-base-transparent\">M\u00c1S INFORMACI\u00d3N<\/span><\/h3>\n<p>[\/vc_column_text][vc_empty_space height=\u00bb50px\u00bb][\/vc_column][\/vc_row]<\/p>\n<\/section>","protected":false},"excerpt":{"rendered":"<p>[vc_row][vc_column][rev_slider_vc alias=\u00bbslide-home-3&#8243;][\/vc_column][\/vc_row][vc_row type=\u00bb1&#8243; anchor=\u00bb#quienes-somos\u00bb][vc_column][vc_empty_space height=\u00bb50px\u00bb][vc_column_text] QUIENES SOMOS SOMOS UNA AGENCIA DE VIAJES [\/vc_column_text][vc_empty_space height=\u00bb50px\u00bb][\/vc_column][\/vc_row][vc_row][vc_column][vc_empty_space height=\u00bb50px\u00bb][vc_column_text] NC Travel [\/vc_column_text][vc_empty_space height=\u00bb18px\u00bb][vc_column_text]NC Travel es una agencia de viajes que promociona destinos tur\u00edsticos. Somos expertos en organizar todo tipo de eventos en el destino. Una empresa de gesti\u00f3n de servicios integrales, \u00e1gil e independiente. Nos encargamos de realizar, de&hellip;<\/p>\n","protected":false},"author":1,"featured_media":0,"parent":0,"menu_order":0,"comment_status":"closed","ping_status":"open","template":"template-microsite.php","meta":[],"_links":{"self":[{"href":"https:\/\/nctravel.es\/es\/wp-json\/wp\/v2\/pages\/2"}],"collection":[{"href":"https:\/\/nctravel.es\/es\/wp-json\/wp\/v2\/pages"}],"about":[{"href":"https:\/\/nctravel.es\/es\/wp-json\/wp\/v2\/types\/page"}],"author":[{"embeddable":true,"href":"https:\/\/nctravel.es\/es\/wp-json\/wp\/v2\/users\/1"}],"replies":[{"embeddable":true,"href":"https:\/\/nctravel.es\/es\/wp-json\/wp\/v2\/comments?post=2"}],"version-history":[{"count":105,"href":"https:\/\/nctravel.es\/es\/wp-json\/wp\/v2\/pages\/2\/revisions"}],"predecessor-version":[{"id":469,"href":"https:\/\/nctravel.es\/es\/wp-json\/wp\/v2\/pages\/2\/revisions\/469"}],"wp:attachment":[{"href":"https:\/\/nctravel.es\/es\/wp-json\/wp\/v2\/media?parent=2"}],"curies":[{"name":"wp","href":"https:\/\/api.w.org\/{rel}","templated":true}]}}