{"id":254,"date":"2015-12-21T21:01:50","date_gmt":"2015-12-21T21:01:50","guid":{"rendered":"http:\/\/nctravel.es\/?page_id=254"},"modified":"2016-03-10T16:04:20","modified_gmt":"2016-03-10T16:04:20","slug":"aviso-legal","status":"publish","type":"page","link":"https:\/\/nctravel.es\/es\/aviso-legal\/","title":{"rendered":"Aviso Legal"},"content":{"rendered":"<section class=\"wpb-content-wrapper\"><p>[vc_row type=\u00bb1&#8243; anchor=\u00bb#aviso-legal\u00bb][vc_column][vc_empty_space height=\u00bb50px\u00bb][vc_column_text]<\/p>\n<h1 style=\"text-align: center;\">AVISO LEGAL<\/h1>\n<p>[\/vc_column_text][vc_empty_space height=\u00bb50px\u00bb][\/vc_column][\/vc_row][vc_row][vc_column][vc_empty_space height=\u00bb50px\u00bb][vc_column_text]En cumplimiento de la Ley 34\/2002, de 11 de julio, de Servicios de la Sociedad de la Informaci\u00f3n y de Comercio Electr\u00f3nico, Nicholas Anthony Coliadis, NC Travel, le informa de que es titular del portal <a href=\"http:\/\/nctravel.es\">www.nctravel.es<\/a>.<\/p>\n<p>De acuerdo con la exigencia del art\u00edculo 10 de la citada Ley, informa de los siguientes datos:<\/p>\n<p>Nicholas Anthony Coliadis, NC Travel, Con Nif X0567891K, y domicilio social en Calle Pitera n\u00ba 5, edificio Ikarus, Local B5B, C.P. 38400 Puerto de la Cruz, Santa Cruz De Tenerife, La direcci\u00f3n de correo electr\u00f3nico de contacto con la empresa es <a href=\"mailto:info@nctravel.es\">info@nctravel.es<\/a>.<\/p>\n<p>Los datos personales que se solicitan en el presente formulario ser\u00e1n tratados conforme a la Ley Org\u00e1nica 15\/1999, de 13 de diciembre, de Protecci\u00f3n de Datos de Car\u00e1cter Personal. As\u00ed, le informamos que sus datos personales ser\u00e1n incorporados a un fichero cuyo responsable es Nicholas Anthony Coliadis, NC Travel, con domicilio en Calle Pitera N\u00ba 5, edificio Ikarus, Local B5B, C.P. 38400 Puerto de la Cruz, Santa Cruz De Tenerife.<\/p>\n<p>La finalidad del tratamiento es dar tr\u00e1mite y respuesta a las consultas realizadas y\/o de solicitud de informaci\u00f3n.<\/p>\n<p>Asimismo, le informamos que podr\u00e1 ejercitar sus derechos de acceso, rectificaci\u00f3n, modificaci\u00f3n y cancelaci\u00f3n de sus datos personales dirigiendo un escrito a la direcci\u00f3n anteriormente indicada o solicit\u00e1ndolo por esta v\u00eda.<\/p>\n<p>Nicholas Anthony Coliadis, NC Travel, como responsable de ficheros de los que es propietaria, se compromete a respetar la confidencialidad de la informaci\u00f3n de car\u00e1cter personal de sus clientes y proveedores, guardando en todo momento el deber de secreto profesional.<\/p>\n<p>Nicholas Anthony Coliadis, NC Travel, le informa que se encuentra adaptada a la Ley Org\u00e1nica 15\/1999, de Protecci\u00f3n de Datos de Car\u00e1cter Personal, y el Real Decreto 1720\/2007 por el que se aprueba el Reglamento de desarrollo de la L.O.P.D, que sus ficheros con datos personales han sido debidamente inscritos en la Agencia Espa\u00f1ola de Protecci\u00f3n de Datos y que cumple con el resto de las obligaciones establecidas en la normativa sobre protecci\u00f3n de datos para garantizar la confidencialidad y seguridad de la informaci\u00f3n que dispone.<\/p>\n<p>La recogida y tratamiento de los datos personales tiene como finalidad la gesti\u00f3n comercial de nuestros clientes y\/o proveedores.<\/p>\n<p>Los datos personales proporcionados en ning\u00fan caso ser\u00e1n cedidos a terceros salvo previo consentimiento de los interesados.<\/p>\n<p>Por todo ello, Nicholas Anthony Coliadis, NC Travel,, ha adoptado los niveles de seguridad de protecci\u00f3n de datos legalmente requerido, y ha instalado todos los medios y medidas t\u00e9cnicas a su alcance para evitar la p\u00e9rdida, mal uso, alteraci\u00f3n, acceso no autorizado y robo de los datos que le han sido confiados.<\/p>\n<p>Los titulares de los datos tienen reconocidos y podr\u00e1n ejercitar los derechos de acceso, cancelaci\u00f3n rectificaci\u00f3n y oposici\u00f3n, contactando con:<\/p>\n<p>Nicholas Anthony Coliadis, NC Travel, con domicilio en Calle Pitera N\u00ba 5, edificio Ikarus, Local B5B, C.P. 38400 Puerto de la Cruz, Santa Cruz De Tenerife , con tel\u00e9fono 922 095700 y correo electr\u00f3nico <a href=\"mailto:info@nctravel.es\">info@nctravel.es<\/a>.<\/p>\n<p>Toda reclamaci\u00f3n o responsabilidad derivada, as\u00ed como de las prestaciones complementarias que se pudieran adquirir de la mencionada compa\u00f1\u00eda, deber\u00e1 dirigirse a NC Travel, con domicilio en Calle Pitera n\u00ba 5, edificio Ikarus, Local B5B, C.P. 38400 Puerto de la Cruz, Santa Cruz De Tenerife , con tel\u00e9fono 922 095700 y correo electr\u00f3nico <a href=\"mailto:info@nctravel.es\">info@nctravel.es<\/a> en horario de oficina de 09:30 a 17:00 horas.[\/vc_column_text][vc_empty_space height=\u00bb50px\u00bb][\/vc_column][\/vc_row][vc_row type=\u00bb1&#8243; anchor=\u00bb#aviso-legal\u00bb][vc_column][vc_empty_space height=\u00bb50px\u00bb][vc_column_text]<\/p>\n<h1 style=\"text-align: center;\">POL\u00cdTICA DE COOKIES<\/h1>\n<p>[\/vc_column_text][vc_empty_space height=\u00bb50px\u00bb][\/vc_column][\/vc_row][vc_row][vc_column][vc_empty_space height=\u00bb50px\u00bb][vc_column_text]Desde NC Travel deseamos informarle que nuestra p\u00e1gina web utiliza cookies para analizar la navegaci\u00f3n de usuarios.<\/p>\n<p>Las cookies son peque\u00f1os archivos de texto generados por <a href=\"http:\/\/nctravel.es\" target=\"_blank\">nctravel.es<\/a> y que se descargan en el ordenador\/smatphone\/tablet del usuario, las cuales contienen los datos de sesi\u00f3n que pueden ser de utilidad m\u00e1s adelante en la p\u00e1gina web. Los datos permiten que la p\u00e1gina web pueda mantener su informaci\u00f3n entre las p\u00e1ginas, y tambi\u00e9n para analizar la forma de interactuar con el sitio. Las cookies son seguras ya que s\u00f3lo pueden almacenar la informaci\u00f3n que se puso en su lugar por el navegador, lo que es informaci\u00f3n que el usuario ha introducido en el navegador o la que se incluye en la solicitud de p\u00e1gina. No pueden ejecutar c\u00f3digo y no se pueden utilizar para acceder a tu ordenador.<\/p>\n<p>Las cookies son esenciales para el funcionamiento de internet, aportando innumerables ventajas en la prestaci\u00f3n de servicios interactivos, facilit\u00e1ndole la navegaci\u00f3n y usabilidad de la web. Las cookies no pueden da\u00f1ar su equipo y que est\u00e9n activadas ayuda a identificar y resolver los errores.<\/p>\n<p>La aplicaci\u00f3n que utilizamos para obtener y analizar la informaci\u00f3n de la navegaci\u00f3n es: Google Analytics, ver m\u00e1s en:<br \/>\n<a href=\"http:\/\/www.google.com\/analytics\/\" target=\"_blank\">http:\/\/www.google.com\/analytics\/<\/a> y\u00a0<a href=\"https:\/\/www.google.com\/analytics\/learn\/privacy.html?hl=es\" target=\"_blank\">https:\/\/www.google.com\/analytics\/learn\/privacy.html?hl=es<\/a><\/p>\n<p>Esta aplicaci\u00f3n ha sido desarrollada por Google y presta el servicio de an\u00e1lisis de la audiencia de nuestra p\u00e1gina. Esta empresa puede utilizar estos datos para mejorar sus propios servicios y para ofrecer servicios a otras empresas. Puedes conocer esos otros usos desde los enlaces indicados.<\/p>\n<p>La herramienta de <em>Google Analytics<\/em> no obtiene datos de los nombres o apellidos de los usuarios ni de la direcci\u00f3n postal desde donde se conectan. La informaci\u00f3n que obtiene esta relacionada por ejemplo con el n\u00famero de p\u00e1ginas vistas, el idioma, red social en la que se publican nuestras noticias, la ciudad a la que est\u00e1 asignada la direcci\u00f3n IP desde la que acceden los usuarios, el n\u00famero de usuarios que nos visitan, la frecuencia y reincidencia de las visitas, el tiempo de visita, el navegador que usan, el operador o tipo de terminal desde el que se realiza la visita.<\/p>\n<p>Esta informaci\u00f3n la utilizamos para mejorar nuestra p\u00e1gina web, para detectar nuevas necesidades y para valorar las mejoras a introducir con la finalidad de prestar un mejor servicio a los usuarios que nos visitan.<\/p>\n<p>Esta p\u00e1gina web, tambi\u00e9n utiliza cookies para el seguimiento de conversiones en la herramienta <em>Google Adwords<\/em>. La cookie que se a\u00f1ade al equipo de un usuario cuando este ve un anuncio o hace clic en \u00e9l caduca a los 30 d\u00edas. Esta medida y el hecho de que Google utiliza servidores distintos para el seguimiento de conversiones y para los resultados de las b\u00fasquedas, protege la privacidad del usuario. El proveedor de dichas cookies es Google.<\/p>\n<p>Esta p\u00e1gina web, tambi\u00e9n utiliza la herramienta de remarketing de <em>Google Adwords<\/em>. Esta herramienta permite publicar en la Red de contenido de Google anuncios basados en visitas anteriores de usuarios a nuestra web. Para conseguirlo, algunas de las p\u00e1ginas de nuestro sitio web incluyen un c\u00f3digo o etiqueta de remarketing que configuran las cookies para determinar el tipo de anuncio que se mostrar\u00e1 al usuario seg\u00fan la navegaci\u00f3n que haya realizado por el sitio web.<\/p>\n<p>Las listas de remarketing generadas se guardan en una base de datos de los servidores de Google, donde se almacenan todos los ID de cookie asociados a cada lista o categor\u00eda de inter\u00e9s. Respecto a las cookies de remarketing, el usuario puede inhabilitar el uso de cookies de Google, visitando la p\u00e1gina de inhabilitaci\u00f3n de publicidad de Google. Dichas cookies son proporcionadas por Google.<\/p>\n<p>Tambi\u00e9n utilizamos la cookie \u201cDoubleclick\u201d. Dicha cookie permite proporcionar anuncios gestionados a trav\u00e9s de terceros (\u201cAd-Servers\u201d). Se trata de una cookie proporcionada por Google.<\/p>\n<p>&nbsp;<\/p>\n<h3>Gesti\u00f3n de cookies:<\/h3>\n<p>Todos los navegadores de Internet permiten limitar el comportamiento de una cookie o desactivar las cookies dentro de la configuraci\u00f3n o las opciones del navegador. Los pasos para hacerlo son diferentes para cada navegador, pudi\u00e9ndose encontrar instrucciones en el men\u00fa de ayuda de tu navegador.<\/p>\n<p>Muchos navegadores permiten activar un modo privado mediante el cual las cookies se borran siempre despu\u00e9s de la visita. Dependiendo de cada navegador este modo privado, puede tener diferentes nombres. A continuaci\u00f3n se puede encontrar una lista de los navegadores m\u00e1s comunes con un enlace a la configuraci\u00f3n de cookies y los diferentes nombres de este \u00abmodo privado\u00bb:<\/p>\n<p>&nbsp;<\/p>\n<ul>\n<li><strong>Internet Explorer 8 y superior; InPrivate<\/strong><br \/>\n<a href=\"http:\/\/windows.microsoft.com\/es-es\/windows-vista\/block-or-allow-cookies\" target=\"_blank\">http:\/\/windows.microsoft.com\/es-es\/windows-vista\/block-or-allow-cookies<\/a><\/li>\n<li><strong>Google Chrome 10 y superior; Inc\u00f3gnito<\/strong><br \/>\n<a href=\"https:\/\/support.google.com\/chrome\/answer\/95647?hl=es\" target=\"_blank\">https:\/\/support.google.com\/chrome\/answer\/95647?hl=es<\/a><\/li>\n<li><strong>Safari 2 y superior; Navegaci\u00f3n Privada<\/strong><br \/>\n<a href=\"http:\/\/support.apple.com\/kb\/ht1677?viewlocale=es_es&amp;locale=es_es\" target=\"_blank\">http:\/\/support.apple.com\/kb\/ht1677?viewlocale=es_es&amp;locale=es_es<\/a><\/li>\n<li><strong>FireFox 3.5 y superior; Navegaci\u00f3n Privada<\/strong><br \/>\n<a href=\"http:\/\/support.mozilla.org\/es\/kb\/habilitar-y-deshabilitar-cookies-que-los-sitios-we\" target=\"_blank\">http:\/\/support.mozilla.org\/es\/kb\/habilitar-y-deshabilitar-cookies-que-los-sitios-we<\/a><\/li>\n<li><strong>Opera 10.5 y superior; Navegaci\u00f3n Privada<\/strong><br \/>\n<a href=\"http:\/\/help.opera.com\/Windows\/11.50\/es-ES\/cookies.html\" target=\"_blank\">http:\/\/help.opera.com\/Windows\/11.50\/es-ES\/cookies.html<\/a><\/li>\n<\/ul>\n<p>&nbsp;<\/p>\n<p>NC Travel no se hace responsable del contenido y veracidad de las pol\u00edticas de privacidad de los terceros incluidas en esta pol\u00edtica de cookies.<\/p>\n<p>Si tiene dudas sobre esta pol\u00edtica de cookies, usted puede contactar con NC Travel en [<a href=\"mailto:info@nctravel.es\" target=\"_blank\">info@nctravel.es<\/a>].[\/vc_column_text][vc_empty_space height=\u00bb50px\u00bb][\/vc_column][\/vc_row][vc_row type=\u00bb1&#8243; anchor=\u00bb#contacto\u00bb][vc_column][vc_empty_space height=\u00bb50px\u00bb][vc_column_text]<\/p>\n<h1 style=\"text-align: center;\">CONTACTO<\/h1>\n<h3 style=\"text-align: center;\"><span class=\"color-base-transparent\">M\u00c1S INFORMACI\u00d3N<\/span><\/h3>\n<p>[\/vc_column_text][vc_empty_space height=\u00bb50px\u00bb][\/vc_column][\/vc_row]<\/p>\n<\/section>","protected":false},"excerpt":{"rendered":"<p>[vc_row type=\u00bb1&#8243; anchor=\u00bb#aviso-legal\u00bb][vc_column][vc_empty_space height=\u00bb50px\u00bb][vc_column_text] AVISO LEGAL [\/vc_column_text][vc_empty_space height=\u00bb50px\u00bb][\/vc_column][\/vc_row][vc_row][vc_column][vc_empty_space height=\u00bb50px\u00bb][vc_column_text]En cumplimiento de la Ley 34\/2002, de 11 de julio, de Servicios de la Sociedad de la Informaci\u00f3n y de Comercio Electr\u00f3nico, Nicholas Anthony Coliadis, NC Travel, le informa de que es titular del portal www.nctravel.es. De acuerdo con la exigencia del art\u00edculo 10 de la citada&hellip;<\/p>\n","protected":false},"author":1,"featured_media":0,"parent":0,"menu_order":0,"comment_status":"closed","ping_status":"closed","template":"template-microsite.php","meta":[],"_links":{"self":[{"href":"https:\/\/nctravel.es\/es\/wp-json\/wp\/v2\/pages\/254"}],"collection":[{"href":"https:\/\/nctravel.es\/es\/wp-json\/wp\/v2\/pages"}],"about":[{"href":"https:\/\/nctravel.es\/es\/wp-json\/wp\/v2\/types\/page"}],"author":[{"embeddable":true,"href":"https:\/\/nctravel.es\/es\/wp-json\/wp\/v2\/users\/1"}],"replies":[{"embeddable":true,"href":"https:\/\/nctravel.es\/es\/wp-json\/wp\/v2\/comments?post=254"}],"version-history":[{"count":7,"href":"https:\/\/nctravel.es\/es\/wp-json\/wp\/v2\/pages\/254\/revisions"}],"predecessor-version":[{"id":311,"href":"https:\/\/nctravel.es\/es\/wp-json\/wp\/v2\/pages\/254\/revisions\/311"}],"wp:attachment":[{"href":"https:\/\/nctravel.es\/es\/wp-json\/wp\/v2\/media?parent=254"}],"curies":[{"name":"wp","href":"https:\/\/api.w.org\/{rel}","templated":true}]}}