{"id":329,"date":"2016-03-10T15:56:44","date_gmt":"2016-03-10T15:56:44","guid":{"rendered":"http:\/\/nctravel.es\/?page_id=329"},"modified":"2016-04-27T12:01:46","modified_gmt":"2016-04-27T12:01:46","slug":"dmc-incentivos-2","status":"publish","type":"page","link":"https:\/\/nctravel.es\/es\/dmc-incentivos-2\/","title":{"rendered":"DMC Incentivos"},"content":{"rendered":"<section class=\"wpb-content-wrapper\"><p>[vc_row][vc_column][rev_slider_vc alias=\u00bbdmc-adwords\u00bb][\/vc_column][\/vc_row][vc_row type=\u00bb1&#8243; anchor=\u00bb#dmc-incentivos\u00bb][vc_column][\/vc_column][\/vc_row][vc_row][vc_column][vc_empty_space height=\u00bb50px\u00bb][vc_column_text]NC Travel es una agencia de Viajes DMC que representa a diferentes tour operadores, fusionando trabajo y servicios relacionados con el turismo receptivo en las Islas Canarias.<\/p>\n<p>Dentro del sector tur\u00edstico destacamos tanto en la tour operaci\u00f3n como en la organizaci\u00f3n de viajes de negocios e incentivos. Tambi\u00e9n llevamos a cabo la planificaci\u00f3n de conferencias o reuniones y especialmente, todos aquellos eventos deportivos que tengan lugar en el archipi\u00e9lago canario y para los que se precisen nuestros alojamientos y traslados, entre otras prestaciones.[\/vc_column_text][vc_empty_space height=\u00bb50px\u00bb][vc_column_text]<\/p>\n<h3>Nuestros Servicios<\/h3>\n<p>[\/vc_column_text][vc_empty_space height=\u00bb24px\u00bb]<section id=\"benefits-grid-1\" class=\"benefits-grid wf-container benefits-style-one icons-bg light-bg accent-hover-bg light-icon-color custom-icon-hover-color static-line\" data-width=\"240px\" data-columns=\"3\"><style type=\"text\/css\">#benefits-grid-1.icons-bg .benefits-grid-ico { height: 36px; line-height: 36px; width: 36px;-webkit-border-radius: 100px;-moz-border-radius: 100px;-ms-border-radius: 100px;-o-border-radius: 100px;border-radius: 100px; }#benefits-grid-1.icons-bg .benefits-grid-ico > i { font-size: 20px; line-height: 36px; }#benefits-grid-1.custom-icon-hover-color a.benefits-grid-ico:hover > i,\n\t\t\t\t\t#benefits-grid-1.custom-icon-hover-color a.benefits-grid-ico:hover > i:before { color: #ffffff; -webkit-text-fill-color: #ffffff; }<\/style><div class=\"wf-cell\"><div><div class=\"text-small\"><div class=\"wf-table\"><div class=\"wf-td\"><span class=\"benefits-grid-ico\"><i class=\"fa fa-thumbs-o-up\"><\/i><\/span><\/div><div class=\"wf-td\"><h6>Atenci\u00f3n personalizada<\/h6><\/div><\/div><p>Gestionamos sus servicios de una manera personalizada, teniendo en cuenta todas sus preferencias e inquietudes a la hora de realizar sus viajes.<\/p>\n<\/div><\/div><\/div><div class=\"wf-cell\"><div><div class=\"text-small\"><div class=\"wf-table\"><div class=\"wf-td\"><span class=\"benefits-grid-ico\"><i class=\"fa icon-money\"><\/i><\/span><\/div><div class=\"wf-td\"><h6>Control del Presupuesto<\/h6><\/div><\/div><p>Negociamos las mejores condiciones y ofrecemos soluciones rentables, servicio directo, creativo y experto.<\/p>\n<\/div><\/div><\/div><div class=\"wf-cell\"><div><div class=\"text-small\"><div class=\"wf-table\"><div class=\"wf-td\"><span class=\"benefits-grid-ico\"><i class=\"fa icon-phone\"><\/i><\/span><\/div><div class=\"wf-td\"><h6>Flexibilidad<\/h6><\/div><\/div><p>Estamos disponibles las 24h del d\u00eda.<\/p>\n<\/div><\/div><\/div><div class=\"wf-cell\"><div><div class=\"text-small\"><div class=\"wf-table\"><div class=\"wf-td\"><span class=\"benefits-grid-ico\"><i class=\"fa icon-book-open\"><\/i><\/span><\/div><div class=\"wf-td\"><h6>Honestidad y Transparencia<\/h6><\/div><\/div><p>Con nuestros clientes y proveedores,cuidando y supervisando cada detalle personalmente.<\/p>\n<\/div><\/div><\/div><div class=\"wf-cell\"><div><div class=\"text-small\"><div class=\"wf-table\"><div class=\"wf-td\"><span class=\"benefits-grid-ico\"><i class=\"fa icon-pencil\"><\/i><\/span><\/div><div class=\"wf-td\"><h6>Pasi\u00f3n<\/h6><\/div><\/div><p>Nos apasiona crear proyectos din\u00e1micos e innovadores.<\/p>\n<\/div><\/div><\/div><div class=\"wf-cell\"><div><div class=\"text-small\"><div class=\"wf-table\"><div class=\"wf-td\"><span class=\"benefits-grid-ico\"><i class=\"fa icon-posterous\"><\/i><\/span><\/div><div class=\"wf-td\"><h6>Profesionalidad<\/h6><\/div><\/div><p>Nos anticipamos a cualquier imprevisto y ejecutamos viajes y eventos impecables.<\/p>\n<\/div><\/div><\/div><\/section>[vc_empty_space height=\u00bb50px\u00bb][\/vc_column][\/vc_row][vc_row type=\u00bb1&#8243; anchor=\u00bb#islas-canarias\u00bb][vc_column][vc_empty_space height=\u00bb50px\u00bb][vc_column_text]<\/p>\n<h2 style=\"text-align: center;\">ISLAS CANARIAS<\/h2>\n<h3 style=\"text-align: center;\"><span class=\"color-base-transparent\">DESCUBRE EL PAISAJE PARADISIACO DE LAS ISLAS CANARIAS<\/span><\/h3>\n<p>[\/vc_column_text][vc_empty_space height=\u00bb50px\u00bb][\/vc_column][\/vc_row][vc_row][vc_column][vc_empty_space height=\u00bb50px\u00bb]<section id=\"benefits-grid-2\" class=\"benefits-grid wf-container accent-bg accent-hover-bg light-icon-color light-icon-hover-color\" data-width=\"240px\" data-columns=\"4\"><style type=\"text\/css\">#benefits-grid-2 .benefits-grid-ico > i { font-size: 36px; line-height: 36px; }<\/style><div class=\"wf-cell\"><div><div class=\"text-big\"><div class=\"benefit-line-decoration\"><span class=\"benefits-grid-ico layzr-bg fadeInUp animate-element\"><img class=\"lazy-load\" src=\"data:image\/svg+xml;charset=utf-8,%3Csvg xmlns%3D&#039;http%3A%2F%2Fwww.w3.org%2F2000%2Fsvg&#039; viewBox%3D&#039;0 0 200 200&#039;%2F%3E\" width=\"200\" height=\"200\" alt=\"TENERIFE\" data-srcset=\"https:\/\/nctravel.es\/wp-content\/uploads\/2016\/03\/tenerife2.png 200w, https:\/\/nctravel.es\/wp-content\/uploads\/2016\/03\/tenerife2.png 200w\" data-src=\"https:\/\/nctravel.es\/wp-content\/uploads\/2016\/03\/tenerife2.png\" \/><\/span><h3>TENERIFE<\/h3><\/div><p>Diversidad y Gastronom\u00eda.<\/p>\n<\/div><\/div><\/div><div class=\"wf-cell\"><div><div class=\"text-big\"><div class=\"benefit-line-decoration\"><span class=\"benefits-grid-ico layzr-bg fadeInUp animate-element\"><img class=\"lazy-load\" src=\"data:image\/svg+xml;charset=utf-8,%3Csvg xmlns%3D&#039;http%3A%2F%2Fwww.w3.org%2F2000%2Fsvg&#039; viewBox%3D&#039;0 0 200 200&#039;%2F%3E\" width=\"200\" height=\"200\" alt=\"GRAN CANARIA\" data-srcset=\"https:\/\/nctravel.es\/wp-content\/uploads\/2016\/03\/gran-canaria2.png 200w, https:\/\/nctravel.es\/wp-content\/uploads\/2016\/03\/gran-canaria2.png 200w\" data-src=\"https:\/\/nctravel.es\/wp-content\/uploads\/2016\/03\/gran-canaria2.png\" \/><\/span><h3>GRAN CANARIA<\/h3><\/div><p>Acogedora y Activa.<\/p>\n<\/div><\/div><\/div><div class=\"wf-cell\"><div><div class=\"text-big\"><div class=\"benefit-line-decoration\"><span class=\"benefits-grid-ico layzr-bg fadeInUp animate-element\"><img class=\"lazy-load\" src=\"data:image\/svg+xml;charset=utf-8,%3Csvg xmlns%3D&#039;http%3A%2F%2Fwww.w3.org%2F2000%2Fsvg&#039; viewBox%3D&#039;0 0 200 200&#039;%2F%3E\" width=\"200\" height=\"200\" alt=\"FUERTEVENTURA\" data-srcset=\"https:\/\/nctravel.es\/wp-content\/uploads\/2016\/03\/fuerteventura2.png 200w, https:\/\/nctravel.es\/wp-content\/uploads\/2016\/03\/fuerteventura2.png 200w\" data-src=\"https:\/\/nctravel.es\/wp-content\/uploads\/2016\/03\/fuerteventura2.png\" \/><\/span><h3>FUERTEVENTURA<\/h3><\/div><p>El peque\u00f1o para\u00edso.<\/p>\n<\/div><\/div><\/div><div class=\"wf-cell\"><div><div class=\"text-big\"><div class=\"benefit-line-decoration\"><span class=\"benefits-grid-ico layzr-bg fadeInUp animate-element\"><img class=\"lazy-load\" src=\"data:image\/svg+xml;charset=utf-8,%3Csvg xmlns%3D&#039;http%3A%2F%2Fwww.w3.org%2F2000%2Fsvg&#039; viewBox%3D&#039;0 0 200 200&#039;%2F%3E\" width=\"200\" height=\"200\" alt=\"LANZAROTE\" data-srcset=\"https:\/\/nctravel.es\/wp-content\/uploads\/2016\/03\/lanzarote2.png 200w, https:\/\/nctravel.es\/wp-content\/uploads\/2016\/03\/lanzarote2.png 200w\" data-src=\"https:\/\/nctravel.es\/wp-content\/uploads\/2016\/03\/lanzarote2.png\" \/><\/span><h3>LANZAROTE<\/h3><\/div><p>Tierra de los volcanes.<\/p>\n<\/div><\/div><\/div><\/section>[vc_empty_space height=\u00bb50px\u00bb][\/vc_column][\/vc_row][vc_row type=\u00bb1&#8243; anchor=\u00bb#clientes\u00bb][vc_column][vc_empty_space height=\u00bb50px\u00bb][vc_column_text]<\/p>\n<h2 style=\"text-align: center;\">CLIENTES Y REFERENCIAS<\/h2>\n<h3 style=\"text-align: center;\"><span class=\"color-base-transparent\">ALGUNOS DE NUESTROS CLIENTES SATISFECHOS<\/span><\/h3>\n<p>[\/vc_column_text][vc_empty_space height=\u00bb50px\u00bb][\/vc_column][\/vc_row][vc_row][vc_column][vc_empty_space height=\u00bb40px\u00bb]<section id=\"benefits-grid-3\" class=\"benefits-grid wf-container accent-bg accent-hover-bg light-icon-color light-icon-hover-color\" data-width=\"240px\" data-columns=\"3\"><style type=\"text\/css\">#benefits-grid-3 .benefits-grid-ico > i { font-size: 36px; line-height: 36px; }<\/style><div class=\"wf-cell\"><div><div class=\"text-big\"><div class=\"benefit-line-decoration\"><span class=\"benefits-grid-ico layzr-bg fadeInUp animate-element\"><img class=\"lazy-load\" src=\"data:image\/svg+xml;charset=utf-8,%3Csvg xmlns%3D&#039;http%3A%2F%2Fwww.w3.org%2F2000%2Fsvg&#039; viewBox%3D&#039;0 0 200 133&#039;%2F%3E\" width=\"200\" height=\"133\" alt=\"AESGOLF\" data-srcset=\"https:\/\/nctravel.es\/wp-content\/uploads\/2016\/03\/Logo-AESGOLF-e1457611323531.png 200w, https:\/\/nctravel.es\/wp-content\/uploads\/2016\/03\/Logo-AESGOLF-e1457611323531.png 200w\" data-src=\"https:\/\/nctravel.es\/wp-content\/uploads\/2016\/03\/Logo-AESGOLF-e1457611323531.png\" \/><\/span><h3>AESGOLF<\/h3><\/div><p>Asociaci\u00f3n Espa\u00f1ola de Seniors de Golf.<\/p>\n<\/div><\/div><\/div><div class=\"wf-cell\"><div><div class=\"text-big\"><div class=\"benefit-line-decoration\"><span class=\"benefits-grid-ico layzr-bg fadeInUp animate-element\"><img class=\"lazy-load\" src=\"data:image\/svg+xml;charset=utf-8,%3Csvg xmlns%3D&#039;http%3A%2F%2Fwww.w3.org%2F2000%2Fsvg&#039; viewBox%3D&#039;0 0 200 133&#039;%2F%3E\" width=\"200\" height=\"133\" alt=\"Team Katusha\" data-srcset=\"https:\/\/nctravel.es\/wp-content\/uploads\/2016\/03\/Logo-Katusha-Team-e1457611289174.png 200w, https:\/\/nctravel.es\/wp-content\/uploads\/2016\/03\/Logo-Katusha-Team-e1457611289174.png 200w\" data-src=\"https:\/\/nctravel.es\/wp-content\/uploads\/2016\/03\/Logo-Katusha-Team-e1457611289174.png\" \/><\/span><h3>Team Katusha<\/h3><\/div><p>Equipo de ciclistas profesionales ruso que participa en Circuitos Continentales UCI.<\/p>\n<\/div><\/div><\/div><div class=\"wf-cell\"><div><div class=\"text-big\"><div class=\"benefit-line-decoration\"><span class=\"benefits-grid-ico layzr-bg fadeInUp animate-element\"><img class=\"lazy-load\" src=\"data:image\/svg+xml;charset=utf-8,%3Csvg xmlns%3D&#039;http%3A%2F%2Fwww.w3.org%2F2000%2Fsvg&#039; viewBox%3D&#039;0 0 200 133&#039;%2F%3E\" width=\"200\" height=\"133\" alt=\"OLKA SPORT RESOR\" data-srcset=\"https:\/\/nctravel.es\/wp-content\/uploads\/2016\/04\/logo-OLKA-se.png 200w, https:\/\/nctravel.es\/wp-content\/uploads\/2016\/04\/logo-OLKA-se.png 200w\" data-src=\"https:\/\/nctravel.es\/wp-content\/uploads\/2016\/04\/logo-OLKA-se.png\" \/><\/span><h3>OLKA SPORT RESOR<\/h3><\/div><p>Tour operador Sueco de eventos deportivos.<\/p>\n<\/div><\/div><\/div><div class=\"wf-cell\"><div><div class=\"text-big\"><div class=\"benefit-line-decoration\"><span class=\"benefits-grid-ico layzr-bg fadeInUp animate-element\"><img class=\"lazy-load\" src=\"data:image\/svg+xml;charset=utf-8,%3Csvg xmlns%3D&#039;http%3A%2F%2Fwww.w3.org%2F2000%2Fsvg&#039; viewBox%3D&#039;0 0 200 133&#039;%2F%3E\" width=\"200\" height=\"133\" alt=\"Colegio Salesianos\" data-srcset=\"https:\/\/nctravel.es\/wp-content\/uploads\/2016\/03\/Logo-Colegio-Salesianos-e1457611313875.png 200w, https:\/\/nctravel.es\/wp-content\/uploads\/2016\/03\/Logo-Colegio-Salesianos-e1457611313875.png 200w\" data-src=\"https:\/\/nctravel.es\/wp-content\/uploads\/2016\/03\/Logo-Colegio-Salesianos-e1457611313875.png\" \/><\/span><h3>Colegio Salesianos<\/h3><\/div><p>Instituci\u00f3n educativa regida por la Congregaci\u00f3n Salesiana.<\/p>\n<\/div><\/div><\/div><div class=\"wf-cell\"><div><div class=\"text-big\"><div class=\"benefit-line-decoration\"><span class=\"benefits-grid-ico layzr-bg fadeInUp animate-element\"><img class=\"lazy-load\" src=\"data:image\/svg+xml;charset=utf-8,%3Csvg xmlns%3D&#039;http%3A%2F%2Fwww.w3.org%2F2000%2Fsvg&#039; viewBox%3D&#039;0 0 200 133&#039;%2F%3E\" width=\"200\" height=\"133\" alt=\"GSC University\" data-srcset=\"https:\/\/nctravel.es\/wp-content\/uploads\/2016\/03\/Logo-SGS-e1457611332735.png 200w, https:\/\/nctravel.es\/wp-content\/uploads\/2016\/03\/Logo-SGS-e1457611332735.png 200w\" data-src=\"https:\/\/nctravel.es\/wp-content\/uploads\/2016\/03\/Logo-SGS-e1457611332735.png\" \/><\/span><h3>GSC University<\/h3><\/div><p>Gloucestershire and Stroud College,\u00a0Universidad del Reino Unido.<\/p>\n<\/div><\/div><\/div><div class=\"wf-cell\"><div><div class=\"text-big\"><div class=\"benefit-line-decoration\"><span class=\"benefits-grid-ico layzr-bg fadeInUp animate-element\"><img class=\"lazy-load\" src=\"data:image\/svg+xml;charset=utf-8,%3Csvg xmlns%3D&#039;http%3A%2F%2Fwww.w3.org%2F2000%2Fsvg&#039; viewBox%3D&#039;0 0 200 133&#039;%2F%3E\" width=\"200\" height=\"133\" alt=\"Colegio Luther King\" data-srcset=\"https:\/\/nctravel.es\/wp-content\/uploads\/2016\/03\/LutherKing2.png 200w, https:\/\/nctravel.es\/wp-content\/uploads\/2016\/03\/LutherKing2.png 200w\" data-src=\"https:\/\/nctravel.es\/wp-content\/uploads\/2016\/03\/LutherKing2.png\" \/><\/span><h3>Colegio Luther King<\/h3><\/div><p>Centros educativos Luther King de Tenerife.<\/p>\n<\/div><\/div><\/div><\/section>[\/vc_column][\/vc_row][vc_row][vc_column][vc_empty_space height=\u00bb50px\u00bb][\/vc_column][\/vc_row][vc_row type=\u00bb1&#8243; anchor=\u00bb#contacto\u00bb][vc_column][vc_empty_space height=\u00bb50px\u00bb][vc_column_text]<\/p>\n<h2 style=\"text-align: center;\">CONTACTO<\/h2>\n<h3 style=\"text-align: center;\"><span class=\"color-base-transparent\">M\u00c1S INFORMACI\u00d3N<\/span><\/h3>\n<p>[\/vc_column_text][vc_empty_space height=\u00bb50px\u00bb][\/vc_column][\/vc_row]<\/p>\n<\/section>","protected":false},"excerpt":{"rendered":"<p>[vc_row][vc_column][rev_slider_vc alias=\u00bbdmc-adwords\u00bb][\/vc_column][\/vc_row][vc_row type=\u00bb1&#8243; anchor=\u00bb#dmc-incentivos\u00bb][vc_column][\/vc_column][\/vc_row][vc_row][vc_column][vc_empty_space height=\u00bb50px\u00bb][vc_column_text]NC Travel es una agencia de Viajes DMC que representa a diferentes tour operadores, fusionando trabajo y servicios relacionados con el turismo receptivo en las Islas Canarias. Dentro del sector tur\u00edstico destacamos tanto en la tour operaci\u00f3n como en la organizaci\u00f3n de viajes de negocios e incentivos. Tambi\u00e9n llevamos a cabo&hellip;<\/p>\n","protected":false},"author":1,"featured_media":0,"parent":0,"menu_order":0,"comment_status":"closed","ping_status":"closed","template":"template-microsite.php","meta":[],"_links":{"self":[{"href":"https:\/\/nctravel.es\/es\/wp-json\/wp\/v2\/pages\/329"}],"collection":[{"href":"https:\/\/nctravel.es\/es\/wp-json\/wp\/v2\/pages"}],"about":[{"href":"https:\/\/nctravel.es\/es\/wp-json\/wp\/v2\/types\/page"}],"author":[{"embeddable":true,"href":"https:\/\/nctravel.es\/es\/wp-json\/wp\/v2\/users\/1"}],"replies":[{"embeddable":true,"href":"https:\/\/nctravel.es\/es\/wp-json\/wp\/v2\/comments?post=329"}],"version-history":[{"count":8,"href":"https:\/\/nctravel.es\/es\/wp-json\/wp\/v2\/pages\/329\/revisions"}],"predecessor-version":[{"id":430,"href":"https:\/\/nctravel.es\/es\/wp-json\/wp\/v2\/pages\/329\/revisions\/430"}],"wp:attachment":[{"href":"https:\/\/nctravel.es\/es\/wp-json\/wp\/v2\/media?parent=329"}],"curies":[{"name":"wp","href":"https:\/\/api.w.org\/{rel}","templated":true}]}}