{"id":365,"date":"2016-03-29T09:21:57","date_gmt":"2016-03-29T09:21:57","guid":{"rendered":"http:\/\/nctravel.es\/?page_id=365"},"modified":"2020-12-10T13:03:31","modified_gmt":"2020-12-10T13:03:31","slug":"viajes-en-grupo","status":"publish","type":"page","link":"https:\/\/nctravel.es\/es\/viajes-en-grupo\/","title":{"rendered":"Viajes en grupo"},"content":{"rendered":"<section class=\"wpb-content-wrapper\"><p>[vc_row][vc_column][rev_slider_vc alias=\u00bbviajesgrupo\u00bb][\/vc_column][\/vc_row][vc_row type=\u00bb1&#8243; anchor=\u00bb#viajes-en-grupo\u00bb][vc_column][\/vc_column][\/vc_row][vc_row][vc_column][vc_empty_space height=\u00bb50px\u00bb][vc_column_text]Nuestra sede en Tenerife nos permite ofrecer un sinf\u00edn de opciones en las islas para que las conozc\u00e1is y os sorprend\u00e1is con sus encantos.<\/p>\n<p>Somos una agencia de Viajes especializada en viajes a Canarias para grupos y eventos deportivos, pero nuestro concepto de empresa no es el de una agencia de viajes tradicional, sino el de un lugar donde ser\u00e9is escuchados y atendidos de forma personalizada. En NC Travel vosotros pon\u00e9is el destino para viajar en grupo y nosotros nos encargamos de todo lo dem\u00e1s.[\/vc_column_text][vc_empty_space height=\u00bb50px\u00bb][\/vc_column][\/vc_row][vc_row type=\u00bb1&#8243; anchor=\u00bb#islas-canarias\u00bb][vc_column][vc_empty_space height=\u00bb50px\u00bb][vc_column_text]<\/p>\n<h2 style=\"text-align: center;\">ISLAS CANARIAS<\/h2>\n<h3 style=\"text-align: center;\"><span class=\"color-base-transparent\">DESCUBRE EL PAISAJE PARADISIACO DE LAS ISLAS CANARIAS<\/span><\/h3>\n<p>[\/vc_column_text][vc_empty_space height=\u00bb50px\u00bb][\/vc_column][\/vc_row][vc_row][vc_column][vc_empty_space height=\u00bb50px\u00bb]<section id=\"benefits-grid-1\" class=\"benefits-grid wf-container accent-bg accent-hover-bg light-icon-color light-icon-hover-color\" data-width=\"240px\" data-columns=\"4\"><style type=\"text\/css\">#benefits-grid-1 .benefits-grid-ico > i { font-size: 36px; line-height: 36px; }<\/style><div class=\"wf-cell\"><div><div class=\"text-big\"><div class=\"benefit-line-decoration\"><span class=\"benefits-grid-ico layzr-bg fadeInUp animate-element\"><img class=\"lazy-load\" src=\"data:image\/svg+xml;charset=utf-8,%3Csvg xmlns%3D&#039;http%3A%2F%2Fwww.w3.org%2F2000%2Fsvg&#039; viewBox%3D&#039;0 0 200 200&#039;%2F%3E\" width=\"200\" height=\"200\" alt=\"TENERIFE\" data-srcset=\"https:\/\/nctravel.es\/wp-content\/uploads\/2016\/03\/tenerife2.png 200w, https:\/\/nctravel.es\/wp-content\/uploads\/2016\/03\/tenerife2.png 200w\" data-src=\"https:\/\/nctravel.es\/wp-content\/uploads\/2016\/03\/tenerife2.png\" \/><\/span><h3>TENERIFE<\/h3><\/div><p style=\"text-align: center; margin-bottom: 7px;\"><strong>Diversidad y Gastronom\u00eda.<\/strong><\/p>\n<p style=\"text-align: center;\">4 d\u00edas desde:<\/p>\n<p style=\"text-align: center; font-size: 55px; line-height: 75px; color: #182b4b; font-weight: bold;\">240\u20ac<\/p>\n<p style=\"text-align: center;\">por persona.<\/p>\n<\/div><\/div><\/div><div class=\"wf-cell\"><div><div class=\"text-big\"><div class=\"benefit-line-decoration\"><span class=\"benefits-grid-ico layzr-bg fadeInUp animate-element\"><img class=\"lazy-load\" src=\"data:image\/svg+xml;charset=utf-8,%3Csvg xmlns%3D&#039;http%3A%2F%2Fwww.w3.org%2F2000%2Fsvg&#039; viewBox%3D&#039;0 0 200 200&#039;%2F%3E\" width=\"200\" height=\"200\" alt=\"GRAN CANARIA\" data-srcset=\"https:\/\/nctravel.es\/wp-content\/uploads\/2016\/03\/gran-canaria2.png 200w, https:\/\/nctravel.es\/wp-content\/uploads\/2016\/03\/gran-canaria2.png 200w\" data-src=\"https:\/\/nctravel.es\/wp-content\/uploads\/2016\/03\/gran-canaria2.png\" \/><\/span><h3>GRAN CANARIA<\/h3><\/div><p style=\"text-align: center; margin-bottom: 7px;\"><strong>Acogedora y Activa.<\/strong><\/p>\n<p style=\"text-align: center;\">4 d\u00edas desde:<\/p>\n<p style=\"text-align: center; font-size: 55px; line-height: 75px; color: #182b4b; font-weight: bold;\">240\u20ac<\/p>\n<p style=\"text-align: center;\">por persona.<\/p>\n<\/div><\/div><\/div><div class=\"wf-cell\"><div><div class=\"text-big\"><div class=\"benefit-line-decoration\"><span class=\"benefits-grid-ico layzr-bg fadeInUp animate-element\"><img class=\"lazy-load\" src=\"data:image\/svg+xml;charset=utf-8,%3Csvg xmlns%3D&#039;http%3A%2F%2Fwww.w3.org%2F2000%2Fsvg&#039; viewBox%3D&#039;0 0 200 200&#039;%2F%3E\" width=\"200\" height=\"200\" alt=\"FUERTEVENTURA\" data-srcset=\"https:\/\/nctravel.es\/wp-content\/uploads\/2016\/03\/fuerteventura2.png 200w, https:\/\/nctravel.es\/wp-content\/uploads\/2016\/03\/fuerteventura2.png 200w\" data-src=\"https:\/\/nctravel.es\/wp-content\/uploads\/2016\/03\/fuerteventura2.png\" \/><\/span><h3>FUERTEVENTURA<\/h3><\/div><p style=\"text-align: center; margin-bottom: 7px;\"><strong>El Peque\u00f1o Para\u00edso.<\/strong><\/p>\n<p style=\"text-align: center;\">4 d\u00edas + Isla de lobos desde:<\/p>\n<p style=\"text-align: center; font-size: 55px; line-height: 75px; color: #182b4b; font-weight: bold;\">390\u20ac<\/p>\n<p style=\"text-align: center;\">por persona.<\/p>\n<\/div><\/div><\/div><div class=\"wf-cell\"><div><div class=\"text-big\"><div class=\"benefit-line-decoration\"><span class=\"benefits-grid-ico layzr-bg fadeInUp animate-element\"><img class=\"lazy-load\" src=\"data:image\/svg+xml;charset=utf-8,%3Csvg xmlns%3D&#039;http%3A%2F%2Fwww.w3.org%2F2000%2Fsvg&#039; viewBox%3D&#039;0 0 200 200&#039;%2F%3E\" width=\"200\" height=\"200\" alt=\"LANZAROTE\" data-srcset=\"https:\/\/nctravel.es\/wp-content\/uploads\/2016\/03\/lanzarote2.png 200w, https:\/\/nctravel.es\/wp-content\/uploads\/2016\/03\/lanzarote2.png 200w\" data-src=\"https:\/\/nctravel.es\/wp-content\/uploads\/2016\/03\/lanzarote2.png\" \/><\/span><h3>LANZAROTE<\/h3><\/div><p style=\"text-align: center; margin-bottom: 7px;\"><strong>Tierra de los Volcanes.<\/strong><\/p>\n<p style=\"text-align: center;\">4 d\u00edas + Isla de la Graciosa desde:<\/p>\n<p style=\"text-align: center; font-size: 55px; line-height: 75px; color: #182b4b; font-weight: bold;\">390\u20ac<\/p>\n<p style=\"text-align: center;\">por persona.<\/p>\n<\/div><\/div><\/div><\/section>[vc_empty_space height=\u00bb50px\u00bb][\/vc_column][\/vc_row][vc_row type=\u00bb1&#8243; anchor=\u00bb#clientes\u00bb][vc_column][vc_empty_space height=\u00bb50px\u00bb][vc_column_text]<\/p>\n<h2 style=\"text-align: center;\">CLIENTES Y REFERENCIAS<\/h2>\n<h3 style=\"text-align: center;\"><span class=\"color-base-transparent\">ALGUNOS DE NUESTROS CLIENTES SATISFECHOS<\/span><\/h3>\n<p>[\/vc_column_text][vc_empty_space height=\u00bb50px\u00bb][\/vc_column][\/vc_row][vc_row][vc_column][vc_empty_space height=\u00bb40px\u00bb]<section id=\"benefits-grid-2\" class=\"benefits-grid wf-container accent-bg accent-hover-bg light-icon-color light-icon-hover-color\" data-width=\"240px\" data-columns=\"5\"><style type=\"text\/css\">#benefits-grid-2 .benefits-grid-ico > i { font-size: 36px; line-height: 36px; }<\/style><div class=\"wf-cell\"><div><div class=\"text-big\"><div class=\"benefit-line-decoration\"><span class=\"benefits-grid-ico layzr-bg fadeInUp animate-element\"><img class=\"lazy-load\" src=\"data:image\/svg+xml;charset=utf-8,%3Csvg xmlns%3D&#039;http%3A%2F%2Fwww.w3.org%2F2000%2Fsvg&#039; viewBox%3D&#039;0 0 200 133&#039;%2F%3E\" width=\"200\" height=\"133\" alt=\"AESGOLF\" data-srcset=\"https:\/\/nctravel.es\/wp-content\/uploads\/2016\/03\/Logo-AESGOLF-e1457611323531.png 200w, https:\/\/nctravel.es\/wp-content\/uploads\/2016\/03\/Logo-AESGOLF-e1457611323531.png 200w\" data-src=\"https:\/\/nctravel.es\/wp-content\/uploads\/2016\/03\/Logo-AESGOLF-e1457611323531.png\" \/><\/span><h3>AESGOLF<\/h3><\/div><p>Asociaci\u00f3n Espa\u00f1ola de Seniors de Golf.<\/p>\n<\/div><\/div><\/div><div class=\"wf-cell\"><div><div class=\"text-big\"><div class=\"benefit-line-decoration\"><span class=\"benefits-grid-ico layzr-bg fadeInUp animate-element\"><img class=\"lazy-load\" src=\"data:image\/svg+xml;charset=utf-8,%3Csvg xmlns%3D&#039;http%3A%2F%2Fwww.w3.org%2F2000%2Fsvg&#039; viewBox%3D&#039;0 0 200 133&#039;%2F%3E\" width=\"200\" height=\"133\" alt=\"Team Katusha\" data-srcset=\"https:\/\/nctravel.es\/wp-content\/uploads\/2016\/03\/Logo-Katusha-Team-e1457611289174.png 200w, https:\/\/nctravel.es\/wp-content\/uploads\/2016\/03\/Logo-Katusha-Team-e1457611289174.png 200w\" data-src=\"https:\/\/nctravel.es\/wp-content\/uploads\/2016\/03\/Logo-Katusha-Team-e1457611289174.png\" \/><\/span><h3>Team Katusha<\/h3><\/div><p>Equipo de ciclistas profesionales ruso que participa en Circuitos Continentales UCI.<\/p>\n<\/div><\/div><\/div><div class=\"wf-cell\"><div><div class=\"text-big\"><div class=\"benefit-line-decoration\"><span class=\"benefits-grid-ico layzr-bg fadeInUp animate-element\"><img class=\"lazy-load\" src=\"data:image\/svg+xml;charset=utf-8,%3Csvg xmlns%3D&#039;http%3A%2F%2Fwww.w3.org%2F2000%2Fsvg&#039; viewBox%3D&#039;0 0 200 133&#039;%2F%3E\" width=\"200\" height=\"133\" alt=\"OLKA SPORT RESOR\" data-srcset=\"https:\/\/nctravel.es\/wp-content\/uploads\/2016\/04\/logo-OLKA-se.png 200w, https:\/\/nctravel.es\/wp-content\/uploads\/2016\/04\/logo-OLKA-se.png 200w\" data-src=\"https:\/\/nctravel.es\/wp-content\/uploads\/2016\/04\/logo-OLKA-se.png\" \/><\/span><h3>OLKA SPORT RESOR<\/h3><\/div><p>Tour operador Sueco de eventos deportivos.<\/p>\n<\/div><\/div><\/div><div class=\"wf-cell\"><div><div class=\"text-big\"><div class=\"benefit-line-decoration\"><span class=\"benefits-grid-ico layzr-bg fadeInUp animate-element\"><img class=\"lazy-load\" src=\"data:image\/svg+xml;charset=utf-8,%3Csvg xmlns%3D&#039;http%3A%2F%2Fwww.w3.org%2F2000%2Fsvg&#039; viewBox%3D&#039;0 0 200 133&#039;%2F%3E\" width=\"200\" height=\"133\" alt=\"Colegio Salesianos\" data-srcset=\"https:\/\/nctravel.es\/wp-content\/uploads\/2016\/03\/Logo-Colegio-Salesianos-e1457611313875.png 200w, https:\/\/nctravel.es\/wp-content\/uploads\/2016\/03\/Logo-Colegio-Salesianos-e1457611313875.png 200w\" data-src=\"https:\/\/nctravel.es\/wp-content\/uploads\/2016\/03\/Logo-Colegio-Salesianos-e1457611313875.png\" \/><\/span><h3>Colegio Salesianos<\/h3><\/div><p>Instituci\u00f3n educativa regida por la Congregaci\u00f3n Salesiana.<\/p>\n<\/div><\/div><\/div><div class=\"wf-cell\"><div><div class=\"text-big\"><div class=\"benefit-line-decoration\"><span class=\"benefits-grid-ico layzr-bg fadeInUp animate-element\"><img class=\"lazy-load\" src=\"data:image\/svg+xml;charset=utf-8,%3Csvg xmlns%3D&#039;http%3A%2F%2Fwww.w3.org%2F2000%2Fsvg&#039; viewBox%3D&#039;0 0 200 133&#039;%2F%3E\" width=\"200\" height=\"133\" alt=\"GSC University\" data-srcset=\"https:\/\/nctravel.es\/wp-content\/uploads\/2016\/03\/Logo-SGS-e1457611332735.png 200w, https:\/\/nctravel.es\/wp-content\/uploads\/2016\/03\/Logo-SGS-e1457611332735.png 200w\" data-src=\"https:\/\/nctravel.es\/wp-content\/uploads\/2016\/03\/Logo-SGS-e1457611332735.png\" \/><\/span><h3>GSC University<\/h3><\/div><p>Gloucestershire and Stroud College,\u00a0Universidad del Reino Unido.<\/p>\n<\/div><\/div><\/div><\/section>[\/vc_column][\/vc_row][vc_row][vc_column][vc_empty_space height=\u00bb50px\u00bb][\/vc_column][\/vc_row][vc_row type=\u00bb1&#8243; anchor=\u00bb#contacto\u00bb][vc_column][vc_empty_space height=\u00bb50px\u00bb][vc_column_text]<\/p>\n<h2 style=\"text-align: center;\">CONTACTO<\/h2>\n<h3 style=\"text-align: center;\"><span class=\"color-base-transparent\">M\u00c1S INFORMACI\u00d3N<\/span><\/h3>\n<p>[\/vc_column_text][vc_empty_space height=\u00bb50px\u00bb][\/vc_column][\/vc_row]<\/p>\n<\/section>","protected":false},"excerpt":{"rendered":"<p>[vc_row][vc_column][rev_slider_vc alias=\u00bbviajesgrupo\u00bb][\/vc_column][\/vc_row][vc_row type=\u00bb1&#8243; anchor=\u00bb#viajes-en-grupo\u00bb][vc_column][\/vc_column][\/vc_row][vc_row][vc_column][vc_empty_space height=\u00bb50px\u00bb][vc_column_text]Nuestra sede en Tenerife nos permite ofrecer un sinf\u00edn de opciones en las islas para que las conozc\u00e1is y os sorprend\u00e1is con sus encantos. Somos una agencia de Viajes especializada en viajes a Canarias para grupos y eventos deportivos, pero nuestro concepto de empresa no es el de una agencia de&hellip;<\/p>\n","protected":false},"author":1,"featured_media":0,"parent":0,"menu_order":0,"comment_status":"closed","ping_status":"closed","template":"template-microsite.php","meta":[],"_links":{"self":[{"href":"https:\/\/nctravel.es\/es\/wp-json\/wp\/v2\/pages\/365"}],"collection":[{"href":"https:\/\/nctravel.es\/es\/wp-json\/wp\/v2\/pages"}],"about":[{"href":"https:\/\/nctravel.es\/es\/wp-json\/wp\/v2\/types\/page"}],"author":[{"embeddable":true,"href":"https:\/\/nctravel.es\/es\/wp-json\/wp\/v2\/users\/1"}],"replies":[{"embeddable":true,"href":"https:\/\/nctravel.es\/es\/wp-json\/wp\/v2\/comments?post=365"}],"version-history":[{"count":15,"href":"https:\/\/nctravel.es\/es\/wp-json\/wp\/v2\/pages\/365\/revisions"}],"predecessor-version":[{"id":374,"href":"https:\/\/nctravel.es\/es\/wp-json\/wp\/v2\/pages\/365\/revisions\/374"}],"wp:attachment":[{"href":"https:\/\/nctravel.es\/es\/wp-json\/wp\/v2\/media?parent=365"}],"curies":[{"name":"wp","href":"https:\/\/api.w.org\/{rel}","templated":true}]}}