{"id":380,"date":"2016-03-29T09:44:46","date_gmt":"2016-03-29T09:44:46","guid":{"rendered":"http:\/\/nctravel.es\/?page_id=380"},"modified":"2020-12-10T12:44:42","modified_gmt":"2020-12-10T12:44:42","slug":"viajes-de-fin-de-curso","status":"publish","type":"page","link":"https:\/\/nctravel.es\/es\/viajes-de-fin-de-curso\/","title":{"rendered":"Viajes de fin de curso"},"content":{"rendered":"<section class=\"wpb-content-wrapper\"><p>[vc_row][vc_column][rev_slider_vc alias=\u00bbviajesestudios\u00bb][\/vc_column][\/vc_row][vc_row type=\u00bb1&#8243; anchor=\u00bb#viajes-de-estudios\u00bb][vc_column][\/vc_column][\/vc_row][vc_row][vc_column][vc_empty_space height=\u00bb50px\u00bb][vc_column_text]\u00bfOs apetece celebrar el fin de curso, la carrera o el m\u00e1ster, o simplemente quer\u00e9is hacer una escapada con vuestros compa\u00f1eros a Canarias?<\/p>\n<p>En NC Travel nos encargamos de gestionar un <strong>viaje en grupo bien organizado y a vuestra medida<\/strong>, desde el vuelo, alojamiento, actividades que dese\u00e9is realizar, parques tem\u00e1ticos, excursiones o actividades al aire libre, para que vosotros s\u00f3lo teng\u00e1is que preocuparos de disfrutar.<\/p>\n<p>Si este es el tipo de viaje que hab\u00e9is so\u00f1ado, \u00a1Contacta con nosotros![\/vc_column_text][vc_empty_space height=\u00bb50px\u00bb][\/vc_column][\/vc_row][vc_row type=\u00bb1&#8243; anchor=\u00bb#islas-canarias\u00bb][vc_column][vc_empty_space height=\u00bb50px\u00bb][vc_column_text]<\/p>\n<h2 style=\"text-align: center;\">ISLAS CANARIAS<\/h2>\n<h3 style=\"text-align: center;\"><span class=\"color-base-transparent\">DESCUBRE EL PAISAJE PARADISIACO DE LAS ISLAS CANARIAS<\/span><\/h3>\n<p>[\/vc_column_text][vc_empty_space height=\u00bb50px\u00bb][\/vc_column][\/vc_row][vc_row][vc_column][vc_empty_space height=\u00bb50px\u00bb]<section id=\"benefits-grid-1\" class=\"benefits-grid wf-container accent-bg accent-hover-bg light-icon-color light-icon-hover-color\" data-width=\"240px\" data-columns=\"4\"><style type=\"text\/css\">#benefits-grid-1 .benefits-grid-ico > i { font-size: 36px; line-height: 36px; }<\/style><div class=\"wf-cell\"><div><div class=\"text-big\"><div class=\"benefit-line-decoration\"><span class=\"benefits-grid-ico layzr-bg fadeInUp animate-element\"><img class=\"lazy-load\" src=\"data:image\/svg+xml;charset=utf-8,%3Csvg xmlns%3D&#039;http%3A%2F%2Fwww.w3.org%2F2000%2Fsvg&#039; viewBox%3D&#039;0 0 200 200&#039;%2F%3E\" width=\"200\" height=\"200\" alt=\"TENERIFE\" data-srcset=\"https:\/\/nctravel.es\/wp-content\/uploads\/2016\/04\/tenerife2-2.png 200w, https:\/\/nctravel.es\/wp-content\/uploads\/2016\/04\/tenerife2-2.png 200w\" data-src=\"https:\/\/nctravel.es\/wp-content\/uploads\/2016\/04\/tenerife2-2.png\" \/><\/span><h3>TENERIFE<\/h3><\/div><p style=\"text-align: center; margin-bottom: 7px;\"><strong>Diversidad y Gastronom\u00eda.<\/strong><\/p>\n<p style=\"text-align: center;\">4 d\u00edas desde:<\/p>\n<p style=\"text-align: center; font-size: 55px; line-height: 75px; color: #182b4b; font-weight: bold;\">270\u20ac<\/p>\n<p style=\"text-align: center;\">por persona.<\/p>\n<\/div><\/div><\/div><div class=\"wf-cell\"><div><div class=\"text-big\"><div class=\"benefit-line-decoration\"><span class=\"benefits-grid-ico layzr-bg fadeInUp animate-element\"><img class=\"lazy-load\" src=\"data:image\/svg+xml;charset=utf-8,%3Csvg xmlns%3D&#039;http%3A%2F%2Fwww.w3.org%2F2000%2Fsvg&#039; viewBox%3D&#039;0 0 200 200&#039;%2F%3E\" width=\"200\" height=\"200\" alt=\"GRAN CANARIA\" data-srcset=\"https:\/\/nctravel.es\/wp-content\/uploads\/2016\/03\/gran-canaria2.png 200w, https:\/\/nctravel.es\/wp-content\/uploads\/2016\/03\/gran-canaria2.png 200w\" data-src=\"https:\/\/nctravel.es\/wp-content\/uploads\/2016\/03\/gran-canaria2.png\" \/><\/span><h3>GRAN CANARIA<\/h3><\/div><p style=\"text-align: center; margin-bottom: 7px;\"><strong>Acogedora y Activa.<\/strong><\/p>\n<p style=\"text-align: center;\">4 d\u00edas desde:<\/p>\n<p style=\"text-align: center; font-size: 55px; line-height: 75px; color: #182b4b; font-weight: bold;\">270\u20ac<\/p>\n<p style=\"text-align: center;\">por persona.<\/p>\n<\/div><\/div><\/div><div class=\"wf-cell\"><div><div class=\"text-big\"><div class=\"benefit-line-decoration\"><span class=\"benefits-grid-ico layzr-bg fadeInUp animate-element\"><img class=\"lazy-load\" src=\"data:image\/svg+xml;charset=utf-8,%3Csvg xmlns%3D&#039;http%3A%2F%2Fwww.w3.org%2F2000%2Fsvg&#039; viewBox%3D&#039;0 0 200 200&#039;%2F%3E\" width=\"200\" height=\"200\" alt=\"FUERTEVENTURA\" data-srcset=\"https:\/\/nctravel.es\/wp-content\/uploads\/2016\/03\/fuerteventura2.png 200w, https:\/\/nctravel.es\/wp-content\/uploads\/2016\/03\/fuerteventura2.png 200w\" data-src=\"https:\/\/nctravel.es\/wp-content\/uploads\/2016\/03\/fuerteventura2.png\" \/><\/span><h3>FUERTEVENTURA<\/h3><\/div><p style=\"text-align: center; margin-bottom: 7px;\"><strong>El Peque\u00f1o Para\u00edso.<\/strong><\/p>\n<p style=\"text-align: center;\">4 d\u00edas + Isla de lobos desde:<\/p>\n<p style=\"text-align: center; font-size: 55px; line-height: 75px; color: #182b4b; font-weight: bold;\">350\u20ac<\/p>\n<p style=\"text-align: center;\">por persona.<\/p>\n<\/div><\/div><\/div><div class=\"wf-cell\"><div><div class=\"text-big\"><div class=\"benefit-line-decoration\"><span class=\"benefits-grid-ico layzr-bg fadeInUp animate-element\"><img class=\"lazy-load\" src=\"data:image\/svg+xml;charset=utf-8,%3Csvg xmlns%3D&#039;http%3A%2F%2Fwww.w3.org%2F2000%2Fsvg&#039; viewBox%3D&#039;0 0 200 200&#039;%2F%3E\" width=\"200\" height=\"200\" alt=\"LANZAROTE\" data-srcset=\"https:\/\/nctravel.es\/wp-content\/uploads\/2016\/04\/timanfaya2-1.png 200w, https:\/\/nctravel.es\/wp-content\/uploads\/2016\/04\/timanfaya2-1.png 200w\" data-src=\"https:\/\/nctravel.es\/wp-content\/uploads\/2016\/04\/timanfaya2-1.png\" \/><\/span><h3>LANZAROTE<\/h3><\/div><p style=\"text-align: center; margin-bottom: 7px;\"><strong>Tierra de los Volcanes.<\/strong><\/p>\n<p style=\"text-align: center;\">4 d\u00edas + Isla de la Graciosa desde:<\/p>\n<p style=\"text-align: center; font-size: 55px; line-height: 75px; color: #182b4b; font-weight: bold;\">350\u20ac<\/p>\n<p style=\"text-align: center;\">por persona.<\/p>\n<\/div><\/div><\/div><\/section>[vc_empty_space height=\u00bb50px\u00bb][vc_column_text]<\/p>\n<h3 style=\"text-align: center;\">NUESTROS SERVICIOS<\/h3>\n<p>[\/vc_column_text][vc_empty_space height=\u00bb50px\u00bb]<section id=\"benefits-grid-2\" class=\"benefits-grid wf-container benefits-style-one icons-bg light-bg accent-hover-bg light-icon-color custom-icon-hover-color static-line\" data-width=\"240px\" data-columns=\"3\"><style type=\"text\/css\">#benefits-grid-2.icons-bg .benefits-grid-ico { height: 36px; line-height: 36px; width: 36px;-webkit-border-radius: 100px;-moz-border-radius: 100px;-ms-border-radius: 100px;-o-border-radius: 100px;border-radius: 100px; }#benefits-grid-2.icons-bg .benefits-grid-ico > i { font-size: 20px; line-height: 36px; }#benefits-grid-2.custom-icon-hover-color a.benefits-grid-ico:hover > i,\n\t\t\t\t\t#benefits-grid-2.custom-icon-hover-color a.benefits-grid-ico:hover > i:before { color: #ffffff; -webkit-text-fill-color: #ffffff; }<\/style><div class=\"wf-cell\"><div><div class=\"text-normal\"><div class=\"wf-table\"><div class=\"wf-td\"><span class=\"benefits-grid-ico\"><i class=\"fa icon-star\"><\/i><\/span><\/div><div class=\"wf-td\"><h6>MONITORES LOCALES 24 HORAS<\/h6><\/div><\/div><p>Disponemos de monitores locales 24 Horas<\/p>\n<\/div><\/div><\/div><div class=\"wf-cell\"><div><div class=\"text-normal\"><div class=\"wf-table\"><div class=\"wf-td\"><span class=\"benefits-grid-ico\"><i class=\"fa icon-flight\"><\/i><\/span><\/div><div class=\"wf-td\"><h6>VUELOS<\/h6><\/div><\/div><p>Tramitamos la reserva de tus vuelos<\/p>\n<\/div><\/div><\/div><div class=\"wf-cell\"><div><div class=\"text-normal\"><div class=\"wf-table\"><div class=\"wf-td\"><span class=\"benefits-grid-ico\"><i class=\"fa icon-home-1\"><\/i><\/span><\/div><div class=\"wf-td\"><h6>ALOJAMIENTO<\/h6><\/div><\/div><p>Gestionamos la reserva de tu hotel<\/p>\n<\/div><\/div><\/div><div class=\"wf-cell\"><div><div class=\"text-normal\"><div class=\"wf-table\"><div class=\"wf-td\"><span class=\"benefits-grid-ico\"><i class=\"fa icon-book-open\"><\/i><\/span><\/div><div class=\"wf-td\"><h6>EXCURSIONES<\/h6><\/div><\/div><p>Tramitamos y reservamos tus excursiones<\/p>\n<\/div><\/div><\/div><div class=\"wf-cell\"><div><div class=\"text-normal\"><div class=\"wf-table\"><div class=\"wf-td\"><span class=\"benefits-grid-ico\"><i class=\"fa icon-truck\"><\/i><\/span><\/div><div class=\"wf-td\"><h6>TRASLADOS<\/h6><\/div><\/div><p>Organizamos y gestionamos tus traslados<\/p>\n<\/div><\/div><\/div><div class=\"wf-cell\"><div><div class=\"text-normal\"><div class=\"wf-table\"><div class=\"wf-td\"><span class=\"benefits-grid-ico\"><i class=\"fa icon-ticket\"><\/i><\/span><\/div><div class=\"wf-td\"><h6>ENTRADAS<\/h6><\/div><\/div><p>Gestionamos la compra de entradas de atracciones<\/p>\n<\/div><\/div><\/div><\/section>[vc_empty_space height=\u00bb50px\u00bb][\/vc_column][\/vc_row][vc_row type=\u00bb1&#8243; anchor=\u00bb#clientes\u00bb][vc_column][vc_empty_space height=\u00bb50px\u00bb][vc_column_text]<\/p>\n<h2 style=\"text-align: center;\">CLIENTES Y REFERENCIAS<\/h2>\n<h3 style=\"text-align: center;\"><span class=\"color-base-transparent\">ALGUNOS DE NUESTROS CLIENTES SATISFECHOS<\/span><\/h3>\n<p>[\/vc_column_text][vc_empty_space height=\u00bb50px\u00bb][\/vc_column][\/vc_row][vc_row][vc_column][vc_empty_space height=\u00bb40px\u00bb]<section id=\"benefits-grid-3\" class=\"benefits-grid wf-container accent-bg accent-hover-bg light-icon-color light-icon-hover-color\" data-width=\"240px\" data-columns=\"4\"><style type=\"text\/css\">#benefits-grid-3 .benefits-grid-ico > i { font-size: 36px; line-height: 36px; }<\/style><div class=\"wf-cell\"><div><div class=\"text-big\"><div class=\"benefit-line-decoration\"><span class=\"benefits-grid-ico layzr-bg fadeInUp animate-element\"><img class=\"lazy-load\" src=\"data:image\/svg+xml;charset=utf-8,%3Csvg xmlns%3D&#039;http%3A%2F%2Fwww.w3.org%2F2000%2Fsvg&#039; viewBox%3D&#039;0 0 200 133&#039;%2F%3E\" width=\"200\" height=\"133\" alt=\"Colegio Salesianos\" data-srcset=\"https:\/\/nctravel.es\/wp-content\/uploads\/2016\/03\/Logo-Colegio-Salesianos-e1457611313875.png 200w, https:\/\/nctravel.es\/wp-content\/uploads\/2016\/03\/Logo-Colegio-Salesianos-e1457611313875.png 200w\" data-src=\"https:\/\/nctravel.es\/wp-content\/uploads\/2016\/03\/Logo-Colegio-Salesianos-e1457611313875.png\" \/><\/span><h3>Colegio Salesianos<\/h3><\/div><p>Instituci\u00f3n educativa regida por la Congregaci\u00f3n Salesiana.<\/p>\n<\/div><\/div><\/div><div class=\"wf-cell\"><div><div class=\"text-big\"><div class=\"benefit-line-decoration\"><span class=\"benefits-grid-ico layzr-bg fadeInUp animate-element\"><img class=\"lazy-load\" src=\"data:image\/svg+xml;charset=utf-8,%3Csvg xmlns%3D&#039;http%3A%2F%2Fwww.w3.org%2F2000%2Fsvg&#039; viewBox%3D&#039;0 0 200 133&#039;%2F%3E\" width=\"200\" height=\"133\" alt=\"GSC University\" data-srcset=\"https:\/\/nctravel.es\/wp-content\/uploads\/2016\/03\/Logo-SGS-e1457611332735.png 200w, https:\/\/nctravel.es\/wp-content\/uploads\/2016\/03\/Logo-SGS-e1457611332735.png 200w\" data-src=\"https:\/\/nctravel.es\/wp-content\/uploads\/2016\/03\/Logo-SGS-e1457611332735.png\" \/><\/span><h3>GSC University<\/h3><\/div><p>Gloucestershire and Stroud College,\u00a0Universidad del Reino Unido.<\/p>\n<\/div><\/div><\/div><div class=\"wf-cell\"><div><div class=\"text-big\"><div class=\"benefit-line-decoration\"><span class=\"benefits-grid-ico layzr-bg fadeInUp animate-element\"><img class=\"lazy-load\" src=\"data:image\/svg+xml;charset=utf-8,%3Csvg xmlns%3D&#039;http%3A%2F%2Fwww.w3.org%2F2000%2Fsvg&#039; viewBox%3D&#039;0 0 200 133&#039;%2F%3E\" width=\"200\" height=\"133\" alt=\"Colegio Luther King\" data-srcset=\"https:\/\/nctravel.es\/wp-content\/uploads\/2016\/03\/LutherKing2.png 200w, https:\/\/nctravel.es\/wp-content\/uploads\/2016\/03\/LutherKing2.png 200w\" data-src=\"https:\/\/nctravel.es\/wp-content\/uploads\/2016\/03\/LutherKing2.png\" \/><\/span><h3>Colegio Luther King<\/h3><\/div><p>Centros educativos Luther King de Tenerife.<\/p>\n<\/div><\/div><\/div><div class=\"wf-cell\"><div><div class=\"text-big\"><div class=\"benefit-line-decoration\"><span class=\"benefits-grid-ico layzr-bg fadeInUp animate-element\"><img class=\"lazy-load\" src=\"data:image\/svg+xml;charset=utf-8,%3Csvg xmlns%3D&#039;http%3A%2F%2Fwww.w3.org%2F2000%2Fsvg&#039; viewBox%3D&#039;0 0 200 133&#039;%2F%3E\" width=\"200\" height=\"133\" alt=\"C.E.I.P. La Zafra\" data-srcset=\"https:\/\/nctravel.es\/wp-content\/uploads\/2018\/10\/colegio-la-zafra.png 200w, https:\/\/nctravel.es\/wp-content\/uploads\/2018\/10\/colegio-la-zafra.png 200w\" data-src=\"https:\/\/nctravel.es\/wp-content\/uploads\/2018\/10\/colegio-la-zafra.png\" \/><\/span><h3>C.E.I.P. La Zafra<\/h3><\/div><p>Centro Educativo C.E.I.P. La Zafra, Las Palmas<\/p>\n<\/div><\/div><\/div><div class=\"wf-cell\"><div><div class=\"text-big\"><div class=\"benefit-line-decoration\"><span class=\"benefits-grid-ico layzr-bg fadeInUp animate-element\"><img class=\"lazy-load\" src=\"data:image\/svg+xml;charset=utf-8,%3Csvg xmlns%3D&#039;http%3A%2F%2Fwww.w3.org%2F2000%2Fsvg&#039; viewBox%3D&#039;0 0 200 133&#039;%2F%3E\" width=\"200\" height=\"133\" alt=\"I.E.S. Santa \u00darsula\" data-srcset=\"https:\/\/nctravel.es\/wp-content\/uploads\/2018\/10\/ies-santa-ursula.png 200w, https:\/\/nctravel.es\/wp-content\/uploads\/2018\/10\/ies-santa-ursula.png 200w\" data-src=\"https:\/\/nctravel.es\/wp-content\/uploads\/2018\/10\/ies-santa-ursula.png\" \/><\/span><h3>I.E.S. Santa \u00darsula<\/h3><\/div><p>I.E.S. Santa \u00darsula, Tenerife<\/p>\n<\/div><\/div><\/div><div class=\"wf-cell\"><div><div class=\"text-big\"><div class=\"benefit-line-decoration\"><span class=\"benefits-grid-ico layzr-bg fadeInUp animate-element\"><img class=\"lazy-load\" src=\"data:image\/svg+xml;charset=utf-8,%3Csvg xmlns%3D&#039;http%3A%2F%2Fwww.w3.org%2F2000%2Fsvg&#039; viewBox%3D&#039;0 0 200 133&#039;%2F%3E\" width=\"200\" height=\"133\" alt=\"C.E.I.P. Baldomero Bethencourt\" data-srcset=\"https:\/\/nctravel.es\/wp-content\/uploads\/2018\/10\/ceip-baldomero.png 200w, https:\/\/nctravel.es\/wp-content\/uploads\/2018\/10\/ceip-baldomero.png 200w\" data-src=\"https:\/\/nctravel.es\/wp-content\/uploads\/2018\/10\/ceip-baldomero.png\" \/><\/span><h3>C.E.I.P. Baldomero Bethencourt<\/h3><\/div><p>C.E.I.P. Baldomero Bethencourt Franc\u00e9s, Tenerife<\/p>\n<\/div><\/div><\/div><div class=\"wf-cell\"><div><div class=\"text-big\"><div class=\"benefit-line-decoration\"><span class=\"benefits-grid-ico layzr-bg fadeInUp animate-element\"><img class=\"lazy-load\" src=\"data:image\/svg+xml;charset=utf-8,%3Csvg xmlns%3D&#039;http%3A%2F%2Fwww.w3.org%2F2000%2Fsvg&#039; viewBox%3D&#039;0 0 200 133&#039;%2F%3E\" width=\"200\" height=\"133\" alt=\"C.E.I.P. La Monta\u00f1eta\" data-srcset=\"https:\/\/nctravel.es\/wp-content\/uploads\/2018\/10\/ceip-la-montaneta.png 200w, https:\/\/nctravel.es\/wp-content\/uploads\/2018\/10\/ceip-la-montaneta.png 200w\" data-src=\"https:\/\/nctravel.es\/wp-content\/uploads\/2018\/10\/ceip-la-montaneta.png\" \/><\/span><h3>C.E.I.P. La Monta\u00f1eta<\/h3><\/div><p>C.E.I.P. La Monta\u00f1eta, Tenerife<\/p>\n<\/div><\/div><\/div><div class=\"wf-cell\"><div><div class=\"text-big\"><div class=\"benefit-line-decoration\"><span class=\"benefits-grid-ico layzr-bg fadeInUp animate-element\"><img class=\"lazy-load\" src=\"data:image\/svg+xml;charset=utf-8,%3Csvg xmlns%3D&#039;http%3A%2F%2Fwww.w3.org%2F2000%2Fsvg&#039; viewBox%3D&#039;0 0 200 133&#039;%2F%3E\" width=\"200\" height=\"133\" alt=\"C.E.I.P. Emeterio\" data-srcset=\"https:\/\/nctravel.es\/wp-content\/uploads\/2018\/10\/ceip-emeterio.png 200w, https:\/\/nctravel.es\/wp-content\/uploads\/2018\/10\/ceip-emeterio.png 200w\" data-src=\"https:\/\/nctravel.es\/wp-content\/uploads\/2018\/10\/ceip-emeterio.png\" \/><\/span><h3>C.E.I.P. Emeterio<\/h3><\/div><p>C.E.I.P. Emeterio, Tenerife<\/p>\n<\/div><\/div><\/div><\/section>[\/vc_column][\/vc_row][vc_row][vc_column][vc_empty_space height=\u00bb50px\u00bb][\/vc_column][\/vc_row][vc_row type=\u00bb1&#8243; anchor=\u00bb#contacto\u00bb][vc_column][vc_empty_space height=\u00bb50px\u00bb][vc_column_text]<\/p>\n<h2 style=\"text-align: center;\">CONTACTO<\/h2>\n<h3 style=\"text-align: center;\"><span class=\"color-base-transparent\">M\u00c1S INFORMACI\u00d3N<\/span><\/h3>\n<p>[\/vc_column_text][vc_empty_space height=\u00bb50px\u00bb][\/vc_column][\/vc_row]<\/p>\n<\/section>","protected":false},"excerpt":{"rendered":"<p>[vc_row][vc_column][rev_slider_vc alias=\u00bbviajesestudios\u00bb][\/vc_column][\/vc_row][vc_row type=\u00bb1&#8243; anchor=\u00bb#viajes-de-estudios\u00bb][vc_column][\/vc_column][\/vc_row][vc_row][vc_column][vc_empty_space height=\u00bb50px\u00bb][vc_column_text]\u00bfOs apetece celebrar el fin de curso, la carrera o el m\u00e1ster, o simplemente quer\u00e9is hacer una escapada con vuestros compa\u00f1eros a Canarias? En NC Travel nos encargamos de gestionar un viaje en grupo bien organizado y a vuestra medida, desde el vuelo, alojamiento, actividades que dese\u00e9is realizar, parques tem\u00e1ticos, excursiones&hellip;<\/p>\n","protected":false},"author":1,"featured_media":0,"parent":0,"menu_order":0,"comment_status":"closed","ping_status":"closed","template":"template-microsite.php","meta":[],"_links":{"self":[{"href":"https:\/\/nctravel.es\/es\/wp-json\/wp\/v2\/pages\/380"}],"collection":[{"href":"https:\/\/nctravel.es\/es\/wp-json\/wp\/v2\/pages"}],"about":[{"href":"https:\/\/nctravel.es\/es\/wp-json\/wp\/v2\/types\/page"}],"author":[{"embeddable":true,"href":"https:\/\/nctravel.es\/es\/wp-json\/wp\/v2\/users\/1"}],"replies":[{"embeddable":true,"href":"https:\/\/nctravel.es\/es\/wp-json\/wp\/v2\/comments?post=380"}],"version-history":[{"count":24,"href":"https:\/\/nctravel.es\/es\/wp-json\/wp\/v2\/pages\/380\/revisions"}],"predecessor-version":[{"id":626,"href":"https:\/\/nctravel.es\/es\/wp-json\/wp\/v2\/pages\/380\/revisions\/626"}],"wp:attachment":[{"href":"https:\/\/nctravel.es\/es\/wp-json\/wp\/v2\/media?parent=380"}],"curies":[{"name":"wp","href":"https:\/\/api.w.org\/{rel}","templated":true}]}}